{"id":9,"date":"2020-05-04T11:50:21","date_gmt":"2020-05-04T11:50:21","guid":{"rendered":"http:\/\/asessca.com\/?page_id=9"},"modified":"2024-07-19T15:54:08","modified_gmt":"2024-07-19T15:54:08","slug":"presentaicon","status":"publish","type":"page","link":"https:\/\/asessca.com\/","title":{"rendered":"PRESENTACI\u00d3N"},"content":{"rendered":"\n<p>ASESSCA es una organizaci\u00f3n independiente y sin \u00e1nimo de lucro, cuyos objetivos principales son prioritariamente la difusi\u00f3n de la problem\u00e1tica en las distintas esferas de la sociedad (personal sanitario, poblaci\u00f3n general, medios de comunicaci\u00f3n, etc\u00e9tera) y la mejora del grado asistencial y de la calidad de vida de los enfermos, reivindicando el acceso al Sistema P\u00fablico de Salud en condiciones equitativas de atenci\u00f3n, diagn\u00f3stico y tratamiento, as\u00ed como la investigaci\u00f3n m\u00e9dica acerca de la etiopatogenia y los posibles abordajes terap\u00e9uticos  de los enfermos de SQM y SFC\/EM.<\/p>\n\n\n\n<p>Desde 2019 ASESSCA colabora como socio de la confederaci\u00f3n de asociaciones de Espa\u00f1a  CONFESQ &nbsp;<a rel=\"noreferrer noopener\" href=\"http:\/\/www.confesq.org\/\" target=\"_blank\">www.confesq.org<\/a> , que forma parte de entidades como COCEMFE <a rel=\"noreferrer noopener\" href=\"https:\/\/confesq.org\/?page_id=25676\" target=\"_blank\"><strong>(CONFEDERACI\u00d3N ESPA\u00d1OLA DE PERSONAS CON DISCAPACIDAD F\u00cdSICA Y ORG\u00c1NICA<\/strong><\/a>), POP (<a rel=\"noreferrer noopener\" href=\"https:\/\/confesq.org\/?page_id=25681\" target=\"_blank\"><\/a><a rel=\"noreferrer noopener\" href=\"http:\/\/www.plataformadepacientes.org\/\" target=\"_blank\">Plataforma de Organizaciones de Pacientes<\/a>) y SEFIFAC <strong><a rel=\"noreferrer noopener\" href=\"https:\/\/www.sefifac.es\/\" target=\"_blank\">(SOCIEDAD ESPA\u00d1OLA DE FIBROMIALGIA Y S\u00cdNDROME DE FATIGA CR\u00d3NICA<\/a><\/strong>)<br><\/p>\n\n\n\n<p>En una primera etapa (2015 \/2017) la asociaci\u00f3n se centr\u00f3 en la divulgaci\u00f3n, la sensibilizaci\u00f3n de la sociedad y la Administraci\u00f3n con mociones en las principales ciudades de Asturias, charlas, contactos con la Administraci\u00f3n sanitaria, etc. Posteriormente se fue centrando en la formaci\u00f3n en SQM y SFC\/EM y, colaborando con otras entidades semejantes, con el objetivo de centrase en el derecho a disponer de servicios sanitarios que puedan abordar con una m\u00ednima garant\u00eda las enfermedades.<\/p>\n\n\n\n<p>Como se puede ver en la web antigua <a href=\"https:\/\/asessca.wordpress.com\/\">https:\/\/asessca.wordpress.com\/<\/a> , ahora solo para consulta,   la asociaci\u00f3n abarc\u00f3  los distintos &nbsp;<a href=\"https:\/\/asessca.wordpress.com\/sindromes\/que-son\/\">S\u00edndromes de Sensibilizaci\u00f3n Central<\/a>&nbsp;(<a href=\"https:\/\/asessca.wordpress.com\/sindromes\/sfc\/\">S\u00edndrome de Fatiga Cr\u00f3nica-Encefalomielitis Mi\u00e1lgica<\/a>&nbsp;(tambi\u00e9n Enfermedad Sist\u00e9mica de Intolerancia al Esfuerzo),&nbsp;<a href=\"https:\/\/asessca.wordpress.com\/sindromes\/sqm\/\">Sensibilidad Qu\u00edmica M\u00faltiple<\/a>,&nbsp;<a href=\"https:\/\/asessca.wordpress.com\/sindromes\/ehs\/\">Electrohipersensibilidad<\/a>&nbsp;y&nbsp;<a href=\"https:\/\/asessca.wordpress.com\/sindromes\/fm\/\">Fibromialgia<\/a>) y sus comorbilidades asociadas.<\/p>\n\n\n\n<p>Las elecciones en la Administraci\u00f3n (2019) y la pandemia  (2020\/2021) han ralentizado la actividad que se centra especialmente en disponer de servicios sanitarios para la SQM y colaborar con Confesq en alguna actividad.<\/p>\n\n\n\n<p>2023: La  Consejer\u00eda de Sanidad\/Servicio de Salud del Principado de Asturias ha publicado un Protocolo SQM (Plan de medidas para la atenci\u00f3n de pacientes) al que se puede acceder en la web del HUCA. Ya en 2018\/219 hab\u00eda un borrador realizado por m\u00e9dicos  formados en SQM  que por circunstancias diversas  no pudo publicarse en 2020.<\/p>\n\n\n\n<p>Actualmente la asociaci\u00f3n se centra en la investigaci\u00f3n cient\u00edfica y en la b\u00fasqueda de espacios aptos para afectadas y sus familiares mayores<\/p>\n\n\n\n<p>&#8230;..<\/p>\n","protected":false},"excerpt":{"rendered":"<p>ASESSCA es una organizaci\u00f3n independiente y sin \u00e1nimo de lucro, cuyos objetivos principales son prioritariamente la difusi\u00f3n de la problem\u00e1tica en las distintas esferas de la sociedad (personal sanitario, poblaci\u00f3n general, medios de comunicaci\u00f3n, etc\u00e9tera) y la mejora del grado asistencial y de la calidad de vida de los enfermos, reivindicando el acceso al Sistema P\u00fablico de Salud en condiciones equitativas de atenci\u00f3n, diagn\u00f3stico y tratamiento, as\u00ed como la investigaci\u00f3n m\u00e9dica acerca de la etiopatogenia y los posibles abordajes terap\u00e9uticos&#8230;<\/p>\n<p class=\"read-more\"><a class=\"btn btn-default\" href=\"https:\/\/asessca.com\/\"> Leer m\u00e1s<span class=\"screen-reader-text\">  Leer m\u00e1s<\/span><\/a><\/p>\n","protected":false},"author":1,"featured_media":0,"parent":0,"menu_order":0,"comment_status":"closed","ping_status":"closed","template":"","meta":[],"_links":{"self":[{"href":"https:\/\/asessca.com\/index.php\/wp-json\/wp\/v2\/pages\/9"}],"collection":[{"href":"https:\/\/asessca.com\/index.php\/wp-json\/wp\/v2\/pages"}],"about":[{"href":"https:\/\/asessca.com\/index.php\/wp-json\/wp\/v2\/types\/page"}],"author":[{"embeddable":true,"href":"https:\/\/asessca.com\/index.php\/wp-json\/wp\/v2\/users\/1"}],"replies":[{"embeddable":true,"href":"https:\/\/asessca.com\/index.php\/wp-json\/wp\/v2\/comments?post=9"}],"version-history":[{"count":37,"href":"https:\/\/asessca.com\/index.php\/wp-json\/wp\/v2\/pages\/9\/revisions"}],"predecessor-version":[{"id":235,"href":"https:\/\/asessca.com\/index.php\/wp-json\/wp\/v2\/pages\/9\/revisions\/235"}],"wp:attachment":[{"href":"https:\/\/asessca.com\/index.php\/wp-json\/wp\/v2\/media?parent=9"}],"curies":[{"name":"wp","href":"https:\/\/api.w.org\/{rel}","templated":true}]}}