{"id":86,"date":"2022-05-03T10:07:35","date_gmt":"2022-05-03T10:07:35","guid":{"rendered":"https:\/\/asessca.com\/?page_id=86"},"modified":"2024-09-18T16:29:37","modified_gmt":"2024-09-18T16:29:37","slug":"contacto","status":"publish","type":"page","link":"https:\/\/asessca.com\/index.php\/contacto\/","title":{"rendered":"Contacto"},"content":{"rendered":"\n<h1><\/h1>\n\n\n\n<h1>ASESSCA<\/h1>\n\n\n\n<h2>Asociaci\u00f3n de Enfermos de S\u00edndromes de Sensibilizaci\u00f3n Central de&nbsp; Asturias.<\/h2>\n\n\n\n<h3>(S\u00edndrome de Fatiga Cr\u00f3nica\/Encefalomielitis Mi\u00e1lgica, S\u00edndrome de Sensibilidad Qu\u00edmica M\u00faltiple, Electrohipersensibilidad, Fibromialgia y enfermedades afines)<\/h3>\n\n\n\n<h4>NIF: G7438514<\/h4>\n\n\n\n<hr class=\"wp-block-separator\"\/>\n\n\n\n<h3>DATOS DE CONTACTO<\/h3>\n\n\n\n<p>Email: asessca@gmail.com<br>Web:&nbsp;<a href=\"http:\/\/www.asessca.com\/\">http:\/\/www.asessca.com<\/a><\/p>\n\n\n\n<p><\/p>\n","protected":false},"excerpt":{"rendered":"<p>ASESSCA Asociaci\u00f3n de Enfermos de S\u00edndromes de Sensibilizaci\u00f3n Central de&nbsp; Asturias. (S\u00edndrome de Fatiga Cr\u00f3nica\/Encefalomielitis Mi\u00e1lgica, S\u00edndrome de Sensibilidad Qu\u00edmica M\u00faltiple, Electrohipersensibilidad, Fibromialgia y enfermedades afines) NIF: G7438514 DATOS DE CONTACTO Email: asessca@gmail.comWeb:&nbsp;http:\/\/www.asessca.com<\/p>\n","protected":false},"author":1,"featured_media":0,"parent":0,"menu_order":0,"comment_status":"closed","ping_status":"closed","template":"","meta":[],"_links":{"self":[{"href":"https:\/\/asessca.com\/index.php\/wp-json\/wp\/v2\/pages\/86"}],"collection":[{"href":"https:\/\/asessca.com\/index.php\/wp-json\/wp\/v2\/pages"}],"about":[{"href":"https:\/\/asessca.com\/index.php\/wp-json\/wp\/v2\/types\/page"}],"author":[{"embeddable":true,"href":"https:\/\/asessca.com\/index.php\/wp-json\/wp\/v2\/users\/1"}],"replies":[{"embeddable":true,"href":"https:\/\/asessca.com\/index.php\/wp-json\/wp\/v2\/comments?post=86"}],"version-history":[{"count":10,"href":"https:\/\/asessca.com\/index.php\/wp-json\/wp\/v2\/pages\/86\/revisions"}],"predecessor-version":[{"id":237,"href":"https:\/\/asessca.com\/index.php\/wp-json\/wp\/v2\/pages\/86\/revisions\/237"}],"wp:attachment":[{"href":"https:\/\/asessca.com\/index.php\/wp-json\/wp\/v2\/media?parent=86"}],"curies":[{"name":"wp","href":"https:\/\/api.w.org\/{rel}","templated":true}]}}