{"id":58,"date":"2022-05-02T20:54:52","date_gmt":"2022-05-02T20:54:52","guid":{"rendered":"http:\/\/asessca.com\/?page_id=58"},"modified":"2022-05-02T20:55:56","modified_gmt":"2022-05-02T20:55:56","slug":"estudios-einvestigaciones-de-sfc-em","status":"publish","type":"page","link":"https:\/\/asessca.com\/index.php\/estudios-einvestigaciones-de-sfc-em\/","title":{"rendered":"Estudios e investigaciones de SFC\/EM"},"content":{"rendered":"\n<p><a href=\"https:\/\/asessca.files.wordpress.com\/2017\/02\/criterios-icc-em-julio-20111.pdf\">Criterios de Consenso Internacional (ICC) para la Encefalomielitis Mi\u00e1lgica (Traducido por Plataforma para la Fibromialgia, S\u00edndrome de Fatiga Cr\u00f3nica y SSQM<\/a><\/p>\n\n\n\n<p><a href=\"https:\/\/asessca.files.wordpress.com\/2017\/02\/el-papel-de-los-virus-en-sfc-em2.pdf\">El papel de los virus en SFC\/EM<\/a><\/p>\n\n\n\n<p><a href=\"http:\/\/www.irsicaixa.es\/es\/se-identifican-8-moleculas-que-podrian-servir-para-mejorar-el-diagnostico-del-sindrome-de-fatiga-cro\">Anomal\u00edas inmunol\u00f3gicas en enfermos de SFC<\/a><\/p>\n\n\n\n<p><a href=\"https:\/\/asessca.files.wordpress.com\/2017\/02\/sfc_y-_disfuncion_mitocondrial-validacion_espanol-myhill_et_al2.pdf\">SFC y disfuncion_mitocondrial. Myhill et al.<\/a><\/p>\n\n\n\n<p><a href=\"http:\/\/www.intramed.net\/contenidover.asp?contenidoID=86252\">S\u00edndrome de fatiga cr\u00f3nica: proponen nueva denominaci\u00f3n (enfermedad de intolerancia sist\u00e9mica al esfuerzo) y criterios de diagn\u00f3stico<\/a><\/p>\n\n\n\n<p><a href=\"http:\/\/noticias.lainformacion.com\/salud\/enfermedades-viricas\/investigadores-hallan-cambios-inmunologicos-que-indican-que-la-fatiga-cronica-es-una-enfermedad-biologica_c43J2aUUyvf8v2UHN7F1q6\/\">Investigadores hallan cambios inmunol\u00f3gicos que indican que la fatiga cr\u00f3nica es una enfermedad biol\u00f3gica<\/a><\/p>\n\n\n\n<h3><\/h3>\n","protected":false},"excerpt":{"rendered":"<p>Criterios de Consenso Internacional (ICC) para la Encefalomielitis Mi\u00e1lgica (Traducido por Plataforma para la Fibromialgia, S\u00edndrome de Fatiga Cr\u00f3nica y SSQM El papel de los virus en SFC\/EM Anomal\u00edas inmunol\u00f3gicas en enfermos de SFC SFC y disfuncion_mitocondrial. Myhill et al. S\u00edndrome de fatiga cr\u00f3nica: proponen nueva denominaci\u00f3n (enfermedad de intolerancia sist\u00e9mica al esfuerzo) y criterios de diagn\u00f3stico Investigadores hallan cambios inmunol\u00f3gicos que indican que la fatiga cr\u00f3nica es una enfermedad biol\u00f3gica<\/p>\n","protected":false},"author":1,"featured_media":0,"parent":0,"menu_order":0,"comment_status":"closed","ping_status":"closed","template":"","meta":[],"_links":{"self":[{"href":"https:\/\/asessca.com\/index.php\/wp-json\/wp\/v2\/pages\/58"}],"collection":[{"href":"https:\/\/asessca.com\/index.php\/wp-json\/wp\/v2\/pages"}],"about":[{"href":"https:\/\/asessca.com\/index.php\/wp-json\/wp\/v2\/types\/page"}],"author":[{"embeddable":true,"href":"https:\/\/asessca.com\/index.php\/wp-json\/wp\/v2\/users\/1"}],"replies":[{"embeddable":true,"href":"https:\/\/asessca.com\/index.php\/wp-json\/wp\/v2\/comments?post=58"}],"version-history":[{"count":3,"href":"https:\/\/asessca.com\/index.php\/wp-json\/wp\/v2\/pages\/58\/revisions"}],"predecessor-version":[{"id":61,"href":"https:\/\/asessca.com\/index.php\/wp-json\/wp\/v2\/pages\/58\/revisions\/61"}],"wp:attachment":[{"href":"https:\/\/asessca.com\/index.php\/wp-json\/wp\/v2\/media?parent=58"}],"curies":[{"name":"wp","href":"https:\/\/api.w.org\/{rel}","templated":true}]}}