{"id":51,"date":"2022-05-02T20:28:02","date_gmt":"2022-05-02T20:28:02","guid":{"rendered":"http:\/\/asessca.com\/?page_id=51"},"modified":"2024-07-19T15:37:21","modified_gmt":"2024-07-19T15:37:21","slug":"estudios-de-sqm","status":"publish","type":"page","link":"https:\/\/asessca.com\/index.php\/estudios-de-sqm\/","title":{"rendered":"Estudios de SQM"},"content":{"rendered":"\n<p><a href=\"https:\/\/asessca.files.wordpress.com\/2017\/02\/medidas-adoptadas-por-pac3adses-de-la-ue-sobre-sensibilidad-quc3admica-mc3baltiple.pdf\">Medidas adoptadas por pa\u00edses de la UE sobre Sensibilidad Qu\u00edmica M\u00faltiple<\/a><\/p>\n\n\n\n<p><a href=\"https:\/\/asessca.files.wordpress.com\/2017\/02\/clasificacic3b3n-cie-9.pdf\">Clasificaci\u00f3n SQM en CIE-9<\/a><\/p>\n\n\n\n<p><a href=\"https:\/\/asessca.files.wordpress.com\/2017\/02\/cie-10.jpg\">Clasificaci\u00f3n SQM en CIE-10<\/a><\/p>\n\n\n\n<p><a href=\"http:\/\/www.sensibilidadquimicamultiple.org\/2010\/05\/definicion-biologica-de-la-sensibilidad.html\">Definici\u00f3n biol\u00f3gica de la SQM desde el estado redox y las citoquinas y no desde los polimorfismos.<\/a><\/p>\n\n\n\n<p><a href=\"https:\/\/asessca.files.wordpress.com\/2017\/02\/research-on-mcs.pdf\">Documento con un listado art\u00edculos de revisi\u00f3n de pares (peer-review) que apoyan la tesis de la base fisiol\u00f3gica de la SQM.<\/a><\/p>\n\n\n\n<p><a href=\"https:\/\/asessca.files.wordpress.com\/2017\/02\/34081710-informe-danes-en-espanol-medidas-adoptadas-por-algunos-paises-europeos-en-relacion-con-la-hipersensibilidad-quimica-multiple-2010-traducc-dr-orteg.pdf\">Medidas adoptadas por algunos pa\u00edses europeos en relaci\u00f3n con la hipersensibilidad qu\u00edmica m\u00faltipl<\/a>e  https:\/\/confesq.org\/wp-content\/uploads\/2021\/02\/SQM.pdf<\/p>\n\n\n\n<p><a href=\"http:\/\/www.sensibilidadquimicamultiple.org\/2016\/04\/manual-basico-e-investigaciones-de-sqm.html\">SENSIBILIDAD\u00a0QU\u00cdMICA M\u00daLTIPLE Y T\u00d3XICOS COTIDIANOS: MANUAL DE INICIACI\u00d3N. Informaci\u00f3n b\u00e1sica, estado de la cuesti\u00f3n e investigaciones, 1985-2015. Autora: Mar\u00eda Jos\u00e9 Moya. 201<\/a><\/p>\n","protected":false},"excerpt":{"rendered":"<p>Medidas adoptadas por pa\u00edses de la UE sobre Sensibilidad Qu\u00edmica M\u00faltiple Clasificaci\u00f3n SQM en CIE-9 Clasificaci\u00f3n SQM en CIE-10 Definici\u00f3n biol\u00f3gica de la SQM desde el estado redox y las citoquinas y no desde los polimorfismos. Documento con un listado art\u00edculos de revisi\u00f3n de pares (peer-review) que apoyan la tesis de la base fisiol\u00f3gica de la SQM. Medidas adoptadas por algunos pa\u00edses europeos en relaci\u00f3n con la hipersensibilidad qu\u00edmica m\u00faltiple https:\/\/confesq.org\/wp-content\/uploads\/2021\/02\/SQM.pdf SENSIBILIDAD\u00a0QU\u00cdMICA M\u00daLTIPLE Y T\u00d3XICOS COTIDIANOS: MANUAL DE INICIACI\u00d3N. Informaci\u00f3n&#8230;<\/p>\n<p class=\"read-more\"><a class=\"btn btn-default\" href=\"https:\/\/asessca.com\/index.php\/estudios-de-sqm\/\"> Leer m\u00e1s<span class=\"screen-reader-text\">  Leer m\u00e1s<\/span><\/a><\/p>\n","protected":false},"author":1,"featured_media":0,"parent":0,"menu_order":0,"comment_status":"closed","ping_status":"closed","template":"","meta":[],"_links":{"self":[{"href":"https:\/\/asessca.com\/index.php\/wp-json\/wp\/v2\/pages\/51"}],"collection":[{"href":"https:\/\/asessca.com\/index.php\/wp-json\/wp\/v2\/pages"}],"about":[{"href":"https:\/\/asessca.com\/index.php\/wp-json\/wp\/v2\/types\/page"}],"author":[{"embeddable":true,"href":"https:\/\/asessca.com\/index.php\/wp-json\/wp\/v2\/users\/1"}],"replies":[{"embeddable":true,"href":"https:\/\/asessca.com\/index.php\/wp-json\/wp\/v2\/comments?post=51"}],"version-history":[{"count":3,"href":"https:\/\/asessca.com\/index.php\/wp-json\/wp\/v2\/pages\/51\/revisions"}],"predecessor-version":[{"id":227,"href":"https:\/\/asessca.com\/index.php\/wp-json\/wp\/v2\/pages\/51\/revisions\/227"}],"wp:attachment":[{"href":"https:\/\/asessca.com\/index.php\/wp-json\/wp\/v2\/media?parent=51"}],"curies":[{"name":"wp","href":"https:\/\/api.w.org\/{rel}","templated":true}]}}