{"id":46,"date":"2022-05-02T11:53:59","date_gmt":"2022-05-02T11:53:59","guid":{"rendered":"http:\/\/asessca.com\/?page_id=46"},"modified":"2022-05-02T11:53:59","modified_gmt":"2022-05-02T11:53:59","slug":"sfc-em","status":"publish","type":"page","link":"https:\/\/asessca.com\/index.php\/sfc-em\/","title":{"rendered":"SFC\/EM"},"content":{"rendered":"\n<p>La Encefalitis Mialgica\/S\u00edndrome de Fatiga Cr\u00f3nica EM\/SFC, es una manifestaci\u00f3n patol\u00f3gica de origen desconocido, reconocida por la OMS bajo el CIE 10. Cursa con un estado de fatiga persistente por un periodo superior a seis meses, pudi\u00e9ndose en muchas ocasiones definir su inicio. No se relaciona con esfuerzos intensos ni con otras patolog\u00edas que puedan cursar con Fatiga, las cuales se descartan en el diagn\u00f3stico.<\/p>\n\n\n\n<p><strong><em>La enfermedad ocasiona una reducci\u00f3n importante de la actividad diaria de la persona, un malestar post esfuerzo y una incapacidad de recuperaci\u00f3n en plazos superiores a los considerados como normales.<\/em><\/strong><\/p>\n\n\n\n<p>La reducci\u00f3n de la inactividad, que puede ser f\u00edsica y\/o mental, va desde un 50% a la inactividad total, quedando el afectado postrado en cama, dependiendo de segundas personas para su cuidado habitual.<\/p>\n\n\n\n<p>Este cuadro viene acompa\u00f1ado de otras manifestaciones multisist\u00e9micas como son:<\/p>\n\n\n\n<ul><li>Mal estar o fatiga post esfuerzo<\/li><li>Trastornos del sue\u00f1o<\/li><li>Dolor<\/li><li>Manifestaciones neurol\u00f3gicas\/cognitivas<\/li><li>Alteraciones motoras de la percepci\u00f3n<\/li><li>S\u00edndrome de piernas inquietas<\/li><li>Intolerancias ortost\u00e1ticas<\/li><li>Trastornos respiratorios<\/li><li>Irregularidades intestinales<\/li><li>Disfunci\u00f3n de la vejiga y urogenital<\/li><li>Espasmos dolorosos en las extremidades<\/li><li>Manifestaciones Neuroendocrinas<\/li><li>Manifestaciones inmunes<\/li><li>\u2026etc.<\/li><\/ul>\n\n\n\n<p>Tambi\u00e9n los ni\u00f1os manifiestan esta patolog\u00eda, con especificidades concretas<\/p>\n\n\n\n<p>Existen cuatro grados de valoraci\u00f3n de la enfermedad, la cual puede superponerse con otras del grupo de SSC.<\/p>\n\n\n\n<p>Es altamente desconocida y determinable por falta de biomarcadores reconocidos, impera es su diagn\u00f3stico la exploraci\u00f3n f\u00edsica y las manifestaciones que pueda expresar el paciente. La mayor\u00eda pueden identificar su inicio, posteriormente, a un cuadro infeccioso importante. Analiticamente suelen tener unas serolog\u00edas positivas a determinados agentes infecciosos, como el&nbsp;<em>\u201cEpstein Barr\u201d, \u201centerovirus\u201d, \u201cherpesvirus humano del tipo 6\u2033, Candida albicans y Mycoplasma incognita.<\/em><\/p>\n\n\n\n<p>Actualmente existe una alta controversia, puesto que se han realizado estudios,pese a las limitaciones que existen para ello, en el que se identifican marcadas disfunciones en el sistema inmunol\u00f3gico con aceptables resultados al aplicarseles tratamientos antivirales y\/o inmunodepresores. Es tan solo una l\u00ednea de investigaci\u00f3n no concluyente pero si indica un camino que requiere explorar, mas cuando existen escasas intervenciones en su estudio.<\/p>\n\n\n\n<p>Existe una escasa investigaci\u00f3n, alta controversia entre los profesionales y los que la aceptan y la tratan tampoco unifican criterios, llevando l\u00edneas diagn\u00f3sticas y valorativas distintas (<a href=\"http:\/\/www.ncf-net.org\/patents\/pdf\/Fukuda_Definition.pdf\" target=\"_blank\" rel=\"noreferrer noopener\">Fukuda 1994<\/a>), (<a href=\"http:\/\/es.scribd.com\/doc\/18751913\/SFC-CRITERIOS-CANADIENSES-ESPANOL\" target=\"_blank\" rel=\"noreferrer noopener\">Criterios Canadienses<\/a>), (<a href=\"http:\/\/es.scribd.com\/doc\/62927546\/CRITERIOS-DE-CONSENSO-INTERNACIONAL-2011-para-EM-SFC-nueva-propuesta-ed-espanol-Dr-Arturo-Ortega-Maria-Jose-Moya\">Nuevo consenso 2011<\/a>),&nbsp;<strong>sin que se haya acordado realmente consenso alguno<\/strong>.<\/p>\n\n\n\n<p>Los pacientes se encuentran \u00fanicamente con tratamientos sintom\u00e1ticos, tan solo paliativo, con aporte de sales minerales de Magnesio, vitaminas, analg\u00e9sicos, antiinflamatorios, antidepresivos, determinados anticonvulsionantes como Lyrica \u2026etc., aunque al no ser resolutivos y muchos de ellos profesionalmente discutidos.<\/p>\n\n\n\n<p>La mayor\u00eda de los afectados los abandonan, acudiendo a la medicina complementariaen busca de soluciones que tampoco suelen ser efectivas.<\/p>\n\n\n\n<blockquote class=\"wp-block-quote\"><p><strong><em>Es una enfermedad de alta conflictividad personal, familiar y social.<\/em><\/strong><\/p><\/blockquote>\n\n\n\n<p>Toda esta compleja situaci\u00f3n, hace que los afectados se sientan, como en la mayor\u00eda de las enfermedades del grupo SSC, desvalido y desprotegido de la atenci\u00f3n sanitaria adecuada y de la protecci\u00f3n social requerida por la dependencia que conlleva en los grados tres y cuatro.<\/p>\n\n\n\n<p><strong>Fuente original:&nbsp;<\/strong><a href=\"http:\/\/robertcabre.com\/\">http:\/\/robertcabre.com<\/a><\/p>\n","protected":false},"excerpt":{"rendered":"<p>La Encefalitis Mialgica\/S\u00edndrome de Fatiga Cr\u00f3nica EM\/SFC, es una manifestaci\u00f3n patol\u00f3gica de origen desconocido, reconocida por la OMS bajo el CIE 10. Cursa con un estado de fatiga persistente por un periodo superior a seis meses, pudi\u00e9ndose en muchas ocasiones definir su inicio. No se relaciona con esfuerzos intensos ni con otras patolog\u00edas que puedan cursar con Fatiga, las cuales se descartan en el diagn\u00f3stico. La enfermedad ocasiona una reducci\u00f3n importante de la actividad diaria de la persona, un malestar&#8230;<\/p>\n<p class=\"read-more\"><a class=\"btn btn-default\" href=\"https:\/\/asessca.com\/index.php\/sfc-em\/\"> Leer m\u00e1s<span class=\"screen-reader-text\">  Leer m\u00e1s<\/span><\/a><\/p>\n","protected":false},"author":1,"featured_media":0,"parent":0,"menu_order":0,"comment_status":"closed","ping_status":"closed","template":"","meta":[],"_links":{"self":[{"href":"https:\/\/asessca.com\/index.php\/wp-json\/wp\/v2\/pages\/46"}],"collection":[{"href":"https:\/\/asessca.com\/index.php\/wp-json\/wp\/v2\/pages"}],"about":[{"href":"https:\/\/asessca.com\/index.php\/wp-json\/wp\/v2\/types\/page"}],"author":[{"embeddable":true,"href":"https:\/\/asessca.com\/index.php\/wp-json\/wp\/v2\/users\/1"}],"replies":[{"embeddable":true,"href":"https:\/\/asessca.com\/index.php\/wp-json\/wp\/v2\/comments?post=46"}],"version-history":[{"count":1,"href":"https:\/\/asessca.com\/index.php\/wp-json\/wp\/v2\/pages\/46\/revisions"}],"predecessor-version":[{"id":47,"href":"https:\/\/asessca.com\/index.php\/wp-json\/wp\/v2\/pages\/46\/revisions\/47"}],"wp:attachment":[{"href":"https:\/\/asessca.com\/index.php\/wp-json\/wp\/v2\/media?parent=46"}],"curies":[{"name":"wp","href":"https:\/\/api.w.org\/{rel}","templated":true}]}}