{"id":154,"date":"2022-05-03T19:48:59","date_gmt":"2022-05-03T19:48:59","guid":{"rendered":"https:\/\/asessca.com\/?page_id=154"},"modified":"2022-05-04T11:35:27","modified_gmt":"2022-05-04T11:35:27","slug":"noticas","status":"publish","type":"page","link":"https:\/\/asessca.com\/index.php\/noticas\/","title":{"rendered":"Noticias"},"content":{"rendered":"\n<p><strong>Noticias  con origen en CONFESQ:<\/strong><\/p>\n\n\n\n<p>Revisi\u00f3n de la Gu\u00eda del INSS (contiene 311 referencias sobre estudios sobre SQM)                                                      <a href=\"https:\/\/confesq.org\/wp-content\/uploads\/2021\/02\/SQM.pdf\">https:\/\/confesq.org\/wp-content\/uploads\/2021\/02\/SQM.pdf<\/a><\/p>\n\n\n\n<p>12 de mayo. D\u00eda internacional de nuestras enfermedades:<\/p>\n\n\n\n<figure class=\"wp-block-image\"><img src=\"https:\/\/scontent-mad1-2.xx.fbcdn.net\/v\/t39.30808-6\/279031175_7313985662005715_5851328138449164807_n.jpg?stp=dst-jpg_s1080x2048&amp;_nc_cat=101&amp;ccb=1-5&amp;_nc_sid=730e14&amp;_nc_ohc=J2Ajv2VnXDIAX_yR0jJ&amp;_nc_ht=scontent-mad1-2.xx&amp;oh=00_AT-wftaCuCXSlctRa2AlvzaN9KZg7dYLR2lX0WTzJihNKA&amp;oe=62768ECD\" alt=\"Puede ser una imagen de \u200e9 personas y \u200etexto que dice &quot;\u200eCARRERA VIRTUAL POR EL 12 DE MAYO \u05dc CR\u00d3NICA\/ENCEFALOMIELITIS MI\u00c1LGICA (SFC\/EM), SENSIBILIDAD D\u00cdA MUNDIAL DE LA FIBROMIALGIA (FM), S\u00cdNDROME DE FATIGA QU\u00cdMICA M\u00daLTIPLE (SQM) Y ELECTROHIPERSENSIBILIDAD (EHS) FECHA: 9-15 MAYO INSCRIPCIONES ABRIL-6 DE MAYO HASTA LAS 12:00H. DONATIVO 5\u20ac HAZTE UN SELFIE Y COMP\u00c1RTELO EN FACEBOOK o TWITTER CON EL HASHTAG... #12MayoMeMuevoConCONFESQ *El dinero recaudado ir\u00e1 destinado los proyectos de investigaci\u00f3n de CONFESQ*\u200e&quot;\u200e\u200e\"\/><\/figure>\n\n\n\n<p><\/p>\n\n\n\n<p class=\"has-text-align-left\">N<strong>oticias de otras entidades:<\/strong><\/p>\n\n\n\n<p class=\"has-text-align-left\">El 25% de la poblaci\u00f3n estadounidense es susceptible de padecer sensibilidad qu\u00edmica m\u00faltiple, seg\u00fan el Dr. Bernhoft <\/p>\n\n\n\n<p class=\"has-text-align-left\">Fuente: <a href=\" https:\/\/childrenshealthdefense.org\/defender\/el-25-de-la-poblacion-estadounidense-es-susceptible-de-padecer-sensibilidad-quimica-multiple-segun-el-dr-ber\"> https:\/\/childrenshealthdefense.org\/defender\/el-25-de-la-poblacion-estadounidense-es-susceptible-de-padecer-sensibilidad-quimica-multiple-segun-el-dr-ber<\/a>nhoft\/                                                             <\/p>\n\n\n\n<p class=\"has-text-align-left\">P<strong>rueba de detecci\u00f3n de<\/strong>&nbsp;&nbsp;intolerancia qu\u00edmica de 3 \u00edtems &nbsp;Es una herramienta \u00fatil para una evaluaci\u00f3n r\u00e1pida.&nbsp;Ideal para evaluaciones personales o de oficina y estudios epidemiol\u00f3gicos. <\/p>\n\n\n\n<p class=\"has-text-align-left\">Fuente: <a href=\"https:\/\/sosmcs.fr\/wp-content\/uploads\/2021\/10\/BREESI-FR.pdf\">https:\/\/sosmcs.fr\/wp-content\/uploads\/2021\/10\/BREESI-FR.pdf<\/a><\/p>\n\n\n\n<p><\/p>\n\n\n\n<p>Consenso de expertos italianos sobre el manejo cl\u00ednico y terap\u00e9utico de la sensibilidad qu\u00edmica m\u00faltiple (SQM)  acuerdo para estos conjuntos de an\u00e1lisis de sangre:<\/p>\n\n\n\n<blockquote class=\"wp-block-quote\"><p><em>Suero de ferritina;+ Suero de creatina fosfoquinasa (CPK); + Suero de sodio (Na), (Mg), zinc (Zn); +  Colinesterasa en suero\/plasma\/eritrocitos; + tasa de sedimentaci\u00f3n de eritrocitos (VSG)+ Suero deprote\u00edna C reactiva (PCR);+ Suero de inmunoglobulina E (IgE total) + Suero del receptor de interleucina-2 (sIL2r); + Cortisol s\u00e9rico basal; + Prueba de activaci\u00f3n de bas\u00f3filos en productos qu\u00edmicos conocidos por reacciones adversas.<\/em><\/p><\/blockquote>\n\n\n\n<div class=\"wp-container-1 wp-block-group\"><div class=\"wp-block-group__inner-container\"><\/div><\/div>\n\n\n\n<p>Fuente: <a href=\" https:\/\/www.mdpi.com\/1660-4601\/18\/21\/11294\/htm?\"> https:\/\/www.mdpi.com\/1660-4601\/18\/21\/11294\/htm?<\/a><\/p>\n","protected":false},"excerpt":{"rendered":"<p>Noticias con origen en CONFESQ: Revisi\u00f3n de la Gu\u00eda del INSS (contiene 311 referencias sobre estudios sobre SQM) https:\/\/confesq.org\/wp-content\/uploads\/2021\/02\/SQM.pdf 12 de mayo. D\u00eda internacional de nuestras enfermedades: Noticias de otras entidades: El 25% de la poblaci\u00f3n estadounidense es susceptible de padecer sensibilidad qu\u00edmica m\u00faltiple, seg\u00fan el Dr. Bernhoft Fuente: https:\/\/childrenshealthdefense.org\/defender\/el-25-de-la-poblacion-estadounidense-es-susceptible-de-padecer-sensibilidad-quimica-multiple-segun-el-dr-bernhoft\/ Prueba de detecci\u00f3n de&nbsp;&nbsp;intolerancia qu\u00edmica de 3 \u00edtems &nbsp;Es una herramienta \u00fatil para una evaluaci\u00f3n r\u00e1pida.&nbsp;Ideal para evaluaciones personales o de oficina y estudios epidemiol\u00f3gicos. Fuente: https:\/\/sosmcs.fr\/wp-content\/uploads\/2021\/10\/BREESI-FR.pdf Consenso de expertos&#8230;<\/p>\n<p class=\"read-more\"><a class=\"btn btn-default\" href=\"https:\/\/asessca.com\/index.php\/noticas\/\"> Leer m\u00e1s<span class=\"screen-reader-text\">  Leer m\u00e1s<\/span><\/a><\/p>\n","protected":false},"author":1,"featured_media":0,"parent":0,"menu_order":0,"comment_status":"closed","ping_status":"closed","template":"","meta":[],"_links":{"self":[{"href":"https:\/\/asessca.com\/index.php\/wp-json\/wp\/v2\/pages\/154"}],"collection":[{"href":"https:\/\/asessca.com\/index.php\/wp-json\/wp\/v2\/pages"}],"about":[{"href":"https:\/\/asessca.com\/index.php\/wp-json\/wp\/v2\/types\/page"}],"author":[{"embeddable":true,"href":"https:\/\/asessca.com\/index.php\/wp-json\/wp\/v2\/users\/1"}],"replies":[{"embeddable":true,"href":"https:\/\/asessca.com\/index.php\/wp-json\/wp\/v2\/comments?post=154"}],"version-history":[{"count":26,"href":"https:\/\/asessca.com\/index.php\/wp-json\/wp\/v2\/pages\/154\/revisions"}],"predecessor-version":[{"id":210,"href":"https:\/\/asessca.com\/index.php\/wp-json\/wp\/v2\/pages\/154\/revisions\/210"}],"wp:attachment":[{"href":"https:\/\/asessca.com\/index.php\/wp-json\/wp\/v2\/media?parent=154"}],"curies":[{"name":"wp","href":"https:\/\/api.w.org\/{rel}","templated":true}]}}